  {"id":849,"date":"2016-11-22T14:29:42","date_gmt":"2016-11-22T14:29:42","guid":{"rendered":"https:\/\/www.wma.net\/fr\/?page_id=849"},"modified":"2018-05-24T14:21:47","modified_gmt":"2018-05-24T13:21:47","slug":"avertissement","status":"publish","type":"page","link":"https:\/\/www.wma.net\/fr\/avertissement\/","title":{"rendered":"Exclusion de responsabilit\u00e9"},"content":{"rendered":"<p>L\u2019AMM reconna\u00eet la n\u00e9cessit\u00e9 de prot\u00e9ger la confidentialit\u00e9 des informations personnelles que vous nous fournissez par l&rsquo;utilisation du site. Les utilisateurs doivent \u00eatre inform\u00e9s et comprendre les conditions de la collecte et de l&rsquo;utilisation desdites informations. Sans pr\u00e9judice de vos droits reconnus par la loi fran\u00e7aise \u00a0\u00bb Informatique et libert\u00e9s \u00ab\u00a0, en nous fournissant des informations vous en acceptez l&rsquo;utilisation par l\u2019AMM comme d\u00e9crit ci-apr\u00e8s et comme \u00a0indiqu\u00e9 \u00a0au moment de la collecte de ces informations. Veuillez prendre connaissance de nos <strong>Termes et Conditions<\/strong> pour plus d&rsquo;informations sur nos politiques en ligne.<\/p>\n<p><strong>1. Informations collect\u00e9es<\/strong><\/p>\n<p>L\u2019AMM collecte des informations personnelles dans certaines parties du site lorsque l&rsquo;utilisateur s&rsquo;enregistre, demande des r\u00e9sum\u00e9s et des publications, r\u00e8gle des frais d\u2019exp\u00e9dition, s&rsquo;inscrit \u00e0 des conf\u00e9rences et \u00e0 des lettres d&rsquo;information, participe \u00e0 des sondages, des listes ou forums de discussion, etc. Vous \u00eates inform\u00e9 des donn\u00e9es collect\u00e9es et de la nature obligatoire ou non de la fourniture des donn\u00e9es par des notes d&rsquo;information affich\u00e9es lorsque les donn\u00e9es vous sont demand\u00e9es sur le site. Les informations personnelles collect\u00e9es peuvent consister en un identificateur d&rsquo;acc\u00e8s unique et des informations de contact telles que nom et pr\u00e9nom, adresse postale, adresse \u00a0\u00e9lectronique, num\u00e9ro de t\u00e9l\u00e9phone et de t\u00e9l\u00e9copie. Nous pouvons \u00e9ventuellement \u00a0vous demander de nous fournir des informations compl\u00e9mentaires nous permettant de mieux conna\u00eetre les visiteurs de notre site et leurs pr\u00e9f\u00e9rences. L\u2019AMM encourage les utilisateurs \u00e0 fournir ces informations afin de contribuer \u00e0 ce que le \u00a0contenu \u00a0de notre site demeure pertinent \u00a0par rapport \u00e0 vos sources d\u2019int\u00e9r\u00eat et vos besoins.<\/p>\n<p><strong>2. <\/strong><strong>Utilisation de l&rsquo;information<\/strong><\/p>\n<p>Vous \u00eates inform\u00e9 de l&rsquo;utilisation des donn\u00e9es collect\u00e9es par des notes d&rsquo;information fournies \u00e0 l&rsquo;occasion de la collecte desdites donn\u00e9es sur le site. Les informations collect\u00e9es sont n\u00e9cessaires \u00e0 l\u2019AMM pour vous permettre d&rsquo;acc\u00e9der au site et \u00e0 ses fonctionnalit\u00e9s. L\u2019AMM utilise \u00e9galement les informations personnelles pour \u00e9valuer l&rsquo;usage et l\u2019int\u00e9r\u00eat du site par les visiteurs et pour nous aider \u00e0 am\u00e9liorer le contenu et les fonctionnalit\u00e9s de notre site. Les adresses \u00e9lectroniques fournies lors de l&rsquo;inscription nous permettent de vous adresser des messages \u00e9lectroniques vous avertissant de la publication de nouveaux contenus en fonction des domaines d&rsquo;int\u00e9r\u00eat que vous avez pu nous indiquer. Si vous ne souhaitez pas recevoir ces messages d\u2019information pr\u00e9alables, vous avez la facult\u00e9 de le signaler \u00a0lors de votre inscription. Vous pouvez \u00e9galement ult\u00e9rieurement demander la cessation de l&rsquo;envoi de ces messages \u00a0\u00e0 tout moment en suivant les instructions mentionn\u00e9es dans les messages \u00e9lectroniques adress\u00e9s. L\u2019AMM utilise les informations personnelles collect\u00e9es \u00e0 partir \u00a0des cookies et des adresses IP comme indiqu\u00e9 ci-dessous.<\/p>\n<p><strong>3. Cookies et \u00a0adresses IP<\/strong><\/p>\n<p>Les cookies sont des fichiers de petite taille que certains sites Internet stockent sur le disque dur de l&rsquo;utilisateur lorsque celui visite le site. Le pr\u00e9sent site utilise les cookies pour faciliter le processus de fourniture du mot de passe. En acceptant notre cookie, les informations relatives \u00e0 votre mot de passe sont stock\u00e9es et un utilisateur enregistr\u00e9 peut ainsi acc\u00e9der \u00e0 certaines pages du site sans avoir \u00e0 s&rsquo;identifier \u00e0 chaque occasion. L\u2019AMM vous conseille dans ce cas de s\u00e9curiser l\u2019acc\u00e8s de votre ordinateur \u00a0afin d\u2019\u00e9viter l\u2019usage du site par des personnes non autoris\u00e9es utilisant \u00a0votre login et mot de passe personnel. L\u2019AMM conserve \u00e9galement les adresses IP \u00a0ou l&#8217;emplacement d&rsquo;un ordinateur sur l&rsquo;Internet, afin de faciliter le diagnostic de probl\u00e8mes pouvant affecter notre serveur\u00a0 et de g\u00e9rer le site et pour des raisons de s\u00e9curit\u00e9<\/p>\n<p><strong>4. <\/strong><strong>Communication des informations \u00e0 des tiers<\/strong><\/p>\n<p>L\u2019AMM ne fournit pas les informations personnelles \u00e0 des tiers\u00a0 sauf dans les cas suivants :<br \/>\n1. aux repr\u00e9sentations de l\u2019AMM\u00a0 en France et dans le monde ;<br \/>\n2. si elle est tenue de communiquer ces informations dans le cadre d&rsquo;une proc\u00e9dure judiciaire, l\u00e9gale ou administrative d&rsquo;un quelconque pays, \u00e9tat ou juridiction comp\u00e9tente ;<br \/>\n3. si, \u00e0 la seule appr\u00e9ciation de l\u2019AMM, la transmission des informations est n\u00e9cessaire \u00e0 la protection du site, de l\u2019AMM\u00a0 ou de ses responsables, des membres du Conseil, des officiels ou du personnel;<br \/>\n4. les informations que vous fournissez ou que vous publiez sur le site dans les forums de discussion, les r\u00e9ponses \u00e0 des sondages, etc. et qui sont en libre acc\u00e8s sur le site<\/p>\n<p><strong>5. Liens externes<\/strong><\/p>\n<p>Le site comprend des liens vers des sites Internet\u00a0 tiers. Veuillez noter que nous ne pouvons pas contr\u00f4ler et que nous ne sommes pas responsables des m\u00e9thodes de collecte d\u2019informations de ces sites Internet tiers. Nous vous recommandons de consulter les politiques de confidentialit\u00e9 de ces sites Internet avant\u00a0 de leur communiquer une quelconque information<\/p>\n<p><strong>6. Acc\u00e8s, changements et suppressions<\/strong><\/p>\n<p>Vous disposez d&rsquo;un droit d&rsquo;acc\u00e8s, de rectification, de mise \u00e0 jour et\/ou de suppression de certaines informations personnelles en suivant les instructions figurant sur les \u00a0pages correspondantes au sein de la section Membres. Vous pouvez \u00e9galement nous adresser un courrier \u00e9lectronique \u00e0 <a href=\"mailto:wma@wma.net\">wma@wma.net<\/a> pour exercer vos droits d&rsquo;acc\u00e8s et de rectification de vos informations personnelles.<\/p>\n<p><strong>7. Consentement<\/strong><\/p>\n<p>En utilisant le pr\u00e9sent site, vous acceptez la collecte, l\u2019utilisation\u00a0 et le traitement de vos informations personnelles par nos soins\u00a0 dans les conditions et pour les usages d\u00e9finis dans la pr\u00e9sente politique de confidentialit\u00e9 et dans nos termes et conditions d&rsquo;utilisation du site. Nous nous r\u00e9servons le droit de proc\u00e9der si n\u00e9cessaire \u00e0 des changements \u00e0 cette politique \u00a0et nous vous avertirons des changements effectu\u00e9s.<\/p>\n<p><strong>8. Informations compl\u00e9mentaires<\/strong><\/p>\n<p>Pour toute question concernant notre politique de confidentialit\u00e9 ou nos proc\u00e9dures sur ce site, veuillez adresser un mail \u00e0\u00a0 \u00a0<a href=\"mailto:wma@wma.net\">wma@wma.net<\/a><\/p>\n","protected":false},"excerpt":{"rendered":"<p>L\u2019AMM reconna\u00eet la n\u00e9cessit\u00e9 de prot\u00e9ger la confidentialit\u00e9 des informations personnelles que vous nous fournissez par l&rsquo;utilisation du site. Les utilisateurs doivent \u00eatre inform\u00e9s et comprendre les conditions de la collecte et de l&rsquo;utilisation desdites informations. Sans pr\u00e9judice de vos droits reconnus par la loi fran\u00e7aise \u00a0\u00bb Informatique et libert\u00e9s \u00ab\u00a0, en nous fournissant des [&hellip;]<\/p>\n","protected":false},"author":3,"featured_media":0,"parent":0,"menu_order":11,"comment_status":"closed","ping_status":"closed","template":"","meta":[],"acf":[],"_links":{"self":[{"href":"https:\/\/www.wma.net\/fr\/wp-json\/wp\/v2\/pages\/849"}],"collection":[{"href":"https:\/\/www.wma.net\/fr\/wp-json\/wp\/v2\/pages"}],"about":[{"href":"https:\/\/www.wma.net\/fr\/wp-json\/wp\/v2\/types\/page"}],"author":[{"embeddable":true,"href":"https:\/\/www.wma.net\/fr\/wp-json\/wp\/v2\/users\/3"}],"replies":[{"embeddable":true,"href":"https:\/\/www.wma.net\/fr\/wp-json\/wp\/v2\/comments?post=849"}],"version-history":[{"count":3,"href":"https:\/\/www.wma.net\/fr\/wp-json\/wp\/v2\/pages\/849\/revisions"}],"predecessor-version":[{"id":10923,"href":"https:\/\/www.wma.net\/fr\/wp-json\/wp\/v2\/pages\/849\/revisions\/10923"}],"wp:attachment":[{"href":"https:\/\/www.wma.net\/fr\/wp-json\/wp\/v2\/media?parent=849"}],"curies":[{"name":"wp","href":"https:\/\/api.w.org\/{rel}","templated":true}]}}